{"id":9579,"date":"2025-04-14T22:54:04","date_gmt":"2025-04-14T22:54:04","guid":{"rendered":"https:\/\/prueba.ciep.cl\/?page_id=9579"},"modified":"2025-04-14T23:09:53","modified_gmt":"2025-04-14T23:09:53","slug":"sendero-con-ciencia-y-con-sentir","status":"publish","type":"page","link":"https:\/\/ciep.cl\/inicio\/sendero-con-ciencia-y-con-sentir\/","title":{"rendered":"Sendero Con-ciencia y Con-Sentir"},"content":{"rendered":"\t\t<div data-elementor-type=\"wp-page\" data-elementor-id=\"9579\" class=\"elementor elementor-9579\" data-elementor-post-type=\"page\">\n\t\t\t\t<div class=\"elementor-element elementor-element-788f1cf e-flex e-con-boxed e-con e-parent\" data-id=\"788f1cf\" data-element_type=\"container\">\n\t\t\t\t\t<div class=\"e-con-inner\">\n\t\t\t\t<div class=\"elementor-element elementor-element-fbcf431 elementor-widget elementor-widget-heading\" data-id=\"fbcf431\" data-element_type=\"widget\" data-widget_type=\"heading.default\">\n\t\t\t\t<div class=\"elementor-widget-container\">\n\t\t\t\t\t<h1 class=\"elementor-heading-title elementor-size-default\">Sendero Con-ciencia y Con-Sentir<\/h1>\t\t\t\t<\/div>\n\t\t\t\t<\/div>\n\t\t\t\t<div class=\"elementor-element elementor-element-6b91d2d elementor-widget elementor-widget-heading\" data-id=\"6b91d2d\" data-element_type=\"widget\" data-widget_type=\"heading.default\">\n\t\t\t\t<div class=\"elementor-widget-container\">\n\t\t\t\t\t<h3 class=\"elementor-heading-title elementor-size-default\">Reserva Nacional Coyhaique \nProyecto PATSER, realizado por las l\u00edneas Din\u00e1micas del Paisaje e Interacci\u00f3n Humano Medioambiente  <\/h3>\t\t\t\t<\/div>\n\t\t\t\t<\/div>\n\t\t\t\t\t<\/div>\n\t\t\t\t<\/div>\n\t\t<div class=\"elementor-element elementor-element-6dbb49d e-flex e-con-boxed e-con e-parent\" data-id=\"6dbb49d\" data-element_type=\"container\">\n\t\t\t\t\t<div class=\"e-con-inner\">\n\t\t<div class=\"elementor-element elementor-element-f8ea793 e-con-full e-flex e-con e-child\" data-id=\"f8ea793\" data-element_type=\"container\">\n\t\t\t\t<div class=\"elementor-element elementor-element-870bdd6 elementor-widget elementor-widget-text-editor\" data-id=\"870bdd6\" data-element_type=\"widget\" data-widget_type=\"text-editor.default\">\n\t\t\t\t<div class=\"elementor-widget-container\">\n\t\t\t\t\t\t\t\t\t<p><span data-contrast=\"none\">El Centro de Investigaci\u00f3n en Ecosistemas de la Patagonia (CIEP), en colaboraci\u00f3n con la Corporaci\u00f3n Nacional Forestal (CONAF), inauguraron un nuevo sendero interpretativo en el sector Laguna Verde de la Reserva Nacional Coyhaique. Este espacio invita a las y los visitantes a conectarse con los ecosistemas locales a trav\u00e9s de una experiencia inmersiva y educativa. Esta iniciativa se enmarca en el financiamiento del CIEP mediante el proyecto de Fortalecimiento de Centros Regionales de ANID (PATSER), el cual se enfoca en la investigaci\u00f3n de los ecosistemas, el cambio clim\u00e1tico y las interacciones socioambientales en la Patagonia<\/span><span data-ccp-props=\"{&quot;134233117&quot;:false,&quot;134233118&quot;:false,&quot;335551550&quot;:6,&quot;335551620&quot;:6,&quot;335559738&quot;:240,&quot;335559739&quot;:240}\">\u00a0<\/span><\/p><p><span data-contrast=\"none\">La Reserva Nacional Coyhaique, un entorno privilegiado de bosques, arroyos y lagunas, alberga una rica biodiversidad que desempe\u00f1a un papel fundamental en el equilibrio ecol\u00f3gico. Motivado por la necesidad de comprender y conservar estos ecosistemas, un equipo interdisciplinario de cient\u00edficos y cient\u00edficas de las l\u00edneas HEI y LD ha trabajado de manera transdisciplinaria para implementar una experiencia de inmersi\u00f3n en la naturaleza.\u00a0<\/span><span data-ccp-props=\"{&quot;134233117&quot;:false,&quot;134233118&quot;:false,&quot;335551550&quot;:6,&quot;335551620&quot;:6,&quot;335559738&quot;:240,&quot;335559739&quot;:240}\">\u00a0<\/span><\/p><p><span data-contrast=\"none\">El sendero, denominado <\/span><b><span data-contrast=\"none\">\u00abNaturaleza con-ciencia y con-sentir\u00bb<\/span><\/b><span data-contrast=\"none\">, promueve la apreciaci\u00f3n del entorno ac\u00fastico natural y la ecolog\u00eda del paisaje en 7 estaciones a lo largo del recorrido. A trav\u00e9s de actividades como la \u00abescucha atenta\u00bb, se busca sensibilizar sobre la importancia del paisaje sonoro y el impacto de nuestras acciones en el equilibrio ambiental.<\/span><span data-ccp-props=\"{}\">\u00a0<\/span><\/p>\t\t\t\t\t\t\t\t<\/div>\n\t\t\t\t<\/div>\n\t\t\t\t<\/div>\n\t\t<div class=\"elementor-element elementor-element-9f20770 e-con-full e-flex e-con e-child\" data-id=\"9f20770\" data-element_type=\"container\">\n\t\t\t\t<div class=\"elementor-element elementor-element-981d135 elementor-skin-slideshow elementor-arrows-yes elementor-widget elementor-widget-media-carousel\" data-id=\"981d135\" data-element_type=\"widget\" data-settings=\"{&quot;skin&quot;:&quot;slideshow&quot;,&quot;slideshow_slides_per_view&quot;:&quot;4&quot;,&quot;effect&quot;:&quot;slide&quot;,&quot;show_arrows&quot;:&quot;yes&quot;,&quot;speed&quot;:500,&quot;autoplay&quot;:&quot;yes&quot;,&quot;autoplay_speed&quot;:5000,&quot;loop&quot;:&quot;yes&quot;,&quot;pause_on_hover&quot;:&quot;yes&quot;,&quot;pause_on_interaction&quot;:&quot;yes&quot;,&quot;space_between&quot;:{&quot;unit&quot;:&quot;px&quot;,&quot;size&quot;:10,&quot;sizes&quot;:[]},&quot;space_between_tablet&quot;:{&quot;unit&quot;:&quot;px&quot;,&quot;size&quot;:10,&quot;sizes&quot;:[]},&quot;space_between_mobile&quot;:{&quot;unit&quot;:&quot;px&quot;,&quot;size&quot;:10,&quot;sizes&quot;:[]}}\" data-widget_type=\"media-carousel.default\">\n\t\t\t\t<div class=\"elementor-widget-container\">\n\t\t\t\t\t\t\t\t\t<div class=\"elementor-swiper\">\n\t\t\t\t\t<div class=\"elementor-main-swiper swiper\" role=\"region\" aria-roledescription=\"carousel\" aria-label=\"Diapositivas\">\n\t\t\t\t<div class=\"swiper-wrapper\">\n\t\t\t\t\t\t\t\t\t\t\t<div class=\"swiper-slide\" role=\"group\" aria-roledescription=\"slide\">\n\t\t\t\t\t\t\t\t\t<div class=\"elementor-carousel-image\" role=\"img\" aria-label=\"sendero3\" style=\"background-image: url(&#039;https:\/\/ciep.cl\/inicio\/wp-content\/uploads\/2025\/04\/sendero3.jpg&#039;)\">\n\n\t\t\t\n\t\t\t\t\t<\/div>\n\t\t\t\t\t\t\t\t<\/div>\n\t\t\t\t\t\t\t\t\t\t\t<div class=\"swiper-slide\" role=\"group\" aria-roledescription=\"slide\">\n\t\t\t\t\t\t\t\t\t<div class=\"elementor-carousel-image\" role=\"img\" aria-label=\"sendero1\" style=\"background-image: url(&#039;https:\/\/ciep.cl\/inicio\/wp-content\/uploads\/2025\/04\/sendero1.jpg&#039;)\">\n\n\t\t\t\n\t\t\t\t\t<\/div>\n\t\t\t\t\t\t\t\t<\/div>\n\t\t\t\t\t\t\t\t\t\t\t<div class=\"swiper-slide\" role=\"group\" aria-roledescription=\"slide\">\n\t\t\t\t\t\t\t\t\t<div class=\"elementor-carousel-image\" role=\"img\" aria-label=\"sendero4\" style=\"background-image: url(&#039;https:\/\/ciep.cl\/inicio\/wp-content\/uploads\/2025\/04\/sendero4.jpg&#039;)\">\n\n\t\t\t\n\t\t\t\t\t<\/div>\n\t\t\t\t\t\t\t\t<\/div>\n\t\t\t\t\t\t\t\t\t\t\t<div class=\"swiper-slide\" role=\"group\" aria-roledescription=\"slide\">\n\t\t\t\t\t\t\t\t\t<div class=\"elementor-carousel-image\" role=\"img\" aria-label=\"sendero2\" style=\"background-image: url(&#039;https:\/\/ciep.cl\/inicio\/wp-content\/uploads\/2025\/04\/sendero2.jpg&#039;)\">\n\n\t\t\t\n\t\t\t\t\t<\/div>\n\t\t\t\t\t\t\t\t<\/div>\n\t\t\t\t\t\t\t\t\t<\/div>\n\t\t\t\t\t\t\t\t\t\t\t\t\t\t\t<div class=\"elementor-swiper-button elementor-swiper-button-prev\" role=\"button\" tabindex=\"0\" aria-label=\"Anterior\">\n\t\t\t\t\t\t\t<svg aria-hidden=\"true\" class=\"e-font-icon-svg e-eicon-chevron-left\" viewBox=\"0 0 1000 1000\" xmlns=\"http:\/\/www.w3.org\/2000\/svg\"><path d=\"M646 125C629 125 613 133 604 142L308 442C296 454 292 471 292 487 292 504 296 521 308 533L604 854C617 867 629 875 646 875 663 875 679 871 692 858 704 846 713 829 713 812 713 796 708 779 692 767L438 487 692 225C700 217 708 204 708 187 708 171 704 154 692 142 675 129 663 125 646 125Z\"><\/path><\/svg>\t\t\t\t\t\t<\/div>\n\t\t\t\t\t\t<div class=\"elementor-swiper-button elementor-swiper-button-next\" role=\"button\" tabindex=\"0\" aria-label=\"Siguiente\">\n\t\t\t\t\t\t\t<svg aria-hidden=\"true\" class=\"e-font-icon-svg e-eicon-chevron-right\" viewBox=\"0 0 1000 1000\" xmlns=\"http:\/\/www.w3.org\/2000\/svg\"><path d=\"M696 533C708 521 713 504 713 487 713 471 708 454 696 446L400 146C388 133 375 125 354 125 338 125 325 129 313 142 300 154 292 171 292 187 292 204 296 221 308 233L563 492 304 771C292 783 288 800 288 817 288 833 296 850 308 863 321 871 338 875 354 875 371 875 388 867 400 854L696 533Z\"><\/path><\/svg>\t\t\t\t\t\t<\/div>\n\t\t\t\t\t\t\t\t\t\t\t\t\t\t\t\t\t<\/div>\n\t\t\t\t<\/div>\n\t\t\t\t\t\t\t\t<div class=\"elementor-swiper\">\n\t\t\t\t\t<div class=\"elementor-main-swiper swiper elementor-thumbnails-swiper swiper\" role=\"region region\" aria-roledescription=\"carousel carousel\" aria-label=\"Diapositivas Diapositivas\">\n\t\t\t\t<div class=\"swiper-wrapper\">\n\t\t\t\t\t\t\t\t\t\t\t<div class=\"swiper-slide\" role=\"group\" aria-roledescription=\"slide\">\n\t\t\t\t\t\t\t\t\t<div class=\"elementor-carousel-image\" role=\"img\" aria-label=\"sendero3\" style=\"background-image: url(&#039;https:\/\/ciep.cl\/inicio\/wp-content\/uploads\/2025\/04\/sendero3.jpg&#039;)\">\n\n\t\t\t\n\t\t\t\t\t<\/div>\n\t\t\t\t\t\t\t\t<\/div>\n\t\t\t\t\t\t\t\t\t\t\t<div class=\"swiper-slide\" role=\"group\" aria-roledescription=\"slide\">\n\t\t\t\t\t\t\t\t\t<div class=\"elementor-carousel-image\" role=\"img\" aria-label=\"sendero1\" style=\"background-image: url(&#039;https:\/\/ciep.cl\/inicio\/wp-content\/uploads\/2025\/04\/sendero1.jpg&#039;)\">\n\n\t\t\t\n\t\t\t\t\t<\/div>\n\t\t\t\t\t\t\t\t<\/div>\n\t\t\t\t\t\t\t\t\t\t\t<div class=\"swiper-slide\" role=\"group\" aria-roledescription=\"slide\">\n\t\t\t\t\t\t\t\t\t<div class=\"elementor-carousel-image\" role=\"img\" aria-label=\"sendero4\" style=\"background-image: url(&#039;https:\/\/ciep.cl\/inicio\/wp-content\/uploads\/2025\/04\/sendero4.jpg&#039;)\">\n\n\t\t\t\n\t\t\t\t\t<\/div>\n\t\t\t\t\t\t\t\t<\/div>\n\t\t\t\t\t\t\t\t\t\t\t<div class=\"swiper-slide\" role=\"group\" aria-roledescription=\"slide\">\n\t\t\t\t\t\t\t\t\t<div class=\"elementor-carousel-image\" role=\"img\" aria-label=\"sendero2\" style=\"background-image: url(&#039;https:\/\/ciep.cl\/inicio\/wp-content\/uploads\/2025\/04\/sendero2.jpg&#039;)\">\n\n\t\t\t\n\t\t\t\t\t<\/div>\n\t\t\t\t\t\t\t\t<\/div>\n\t\t\t\t\t\t\t\t\t<\/div>\n\t\t\t\t\t\t\t\t\t\t\t\t\t\t\t\t\t\t\t\t\t<\/div>\n\t\t\t\t<\/div>\n\t\t\t\t\t\t\t\t<\/div>\n\t\t\t\t<\/div>\n\t\t\t\t<\/div>\n\t\t\t\t\t<\/div>\n\t\t\t\t<\/div>\n\t\t\t\t<\/div>\n\t\t","protected":false},"excerpt":{"rendered":"<p>Sendero Con-ciencia y Con-Sentir Reserva Nacional Coyhaique Proyecto PATSER, realizado por las l\u00edneas Din\u00e1micas del Paisaje e Interacci\u00f3n Humano Medioambiente El Centro de Investigaci\u00f3n en Ecosistemas de la Patagonia (CIEP), en colaboraci\u00f3n con la Corporaci\u00f3n Nacional Forestal (CONAF), inauguraron un &#8230; <\/p>\n<p class=\"read-more-container\"><a title=\"Sendero Con-ciencia y Con-Sentir\" class=\"read-more button\" href=\"https:\/\/ciep.cl\/inicio\/sendero-con-ciencia-y-con-sentir\/#more-9579\" aria-label=\"Leer m\u00e1s sobre Sendero Con-ciencia y Con-Sentir\">Leer m\u00e1s<\/a><\/p>\n","protected":false},"author":2,"featured_media":0,"parent":0,"menu_order":0,"comment_status":"closed","ping_status":"closed","template":"elementor_header_footer","meta":{"footnotes":""},"class_list":{"0":"post-9579","1":"page","2":"type-page","3":"status-publish","5":"infinite-scroll-item"},"_links":{"self":[{"href":"https:\/\/ciep.cl\/inicio\/wp-json\/wp\/v2\/pages\/9579","targetHints":{"allow":["GET"]}}],"collection":[{"href":"https:\/\/ciep.cl\/inicio\/wp-json\/wp\/v2\/pages"}],"about":[{"href":"https:\/\/ciep.cl\/inicio\/wp-json\/wp\/v2\/types\/page"}],"author":[{"embeddable":true,"href":"https:\/\/ciep.cl\/inicio\/wp-json\/wp\/v2\/users\/2"}],"replies":[{"embeddable":true,"href":"https:\/\/ciep.cl\/inicio\/wp-json\/wp\/v2\/comments?post=9579"}],"version-history":[{"count":10,"href":"https:\/\/ciep.cl\/inicio\/wp-json\/wp\/v2\/pages\/9579\/revisions"}],"predecessor-version":[{"id":9593,"href":"https:\/\/ciep.cl\/inicio\/wp-json\/wp\/v2\/pages\/9579\/revisions\/9593"}],"wp:attachment":[{"href":"https:\/\/ciep.cl\/inicio\/wp-json\/wp\/v2\/media?parent=9579"}],"curies":[{"name":"wp","href":"https:\/\/api.w.org\/{rel}","templated":true}]}}