{"id":305,"date":"2022-03-30T10:34:42","date_gmt":"2022-03-30T13:34:42","guid":{"rendered":"http:\/\/localhost\/prueba\/?page_id=304"},"modified":"2025-04-23T14:29:15","modified_gmt":"2025-04-23T14:29:15","slug":"rrhh","status":"publish","type":"page","link":"https:\/\/ciep.cl\/nuevo_transparencia\/rrhh\/","title":{"rendered":"UNIDAD DE PERSONAL"},"content":{"rendered":"\t\t<div data-elementor-type=\"wp-page\" data-elementor-id=\"305\" class=\"elementor elementor-305\">\n\t\t\t\t\t\t\t\t\t<section class=\"elementor-section elementor-top-section elementor-element elementor-element-5dc4704 elementor-section-boxed elementor-section-height-default elementor-section-height-default\" data-id=\"5dc4704\" data-element_type=\"section\">\n\t\t\t\t\t\t<div class=\"elementor-container elementor-column-gap-default\">\n\t\t\t\t\t<div class=\"elementor-column elementor-col-100 elementor-top-column elementor-element elementor-element-61830aa\" data-id=\"61830aa\" data-element_type=\"column\">\n\t\t\t<div class=\"elementor-widget-wrap elementor-element-populated\">\n\t\t\t\t\t\t\t\t<div class=\"elementor-element elementor-element-fce5cb8 elementor-widget elementor-widget-text-editor\" data-id=\"fce5cb8\" data-element_type=\"widget\" data-widget_type=\"text-editor.default\">\n\t\t\t\t<div class=\"elementor-widget-container\">\n\t\t\t<style>\/*! elementor - v3.6.5 - 27-04-2022 *\/\n.elementor-widget-text-editor.elementor-drop-cap-view-stacked .elementor-drop-cap{background-color:#818a91;color:#fff}.elementor-widget-text-editor.elementor-drop-cap-view-framed .elementor-drop-cap{color:#818a91;border:3px solid;background-color:transparent}.elementor-widget-text-editor:not(.elementor-drop-cap-view-default) .elementor-drop-cap{margin-top:8px}.elementor-widget-text-editor:not(.elementor-drop-cap-view-default) .elementor-drop-cap-letter{width:1em;height:1em}.elementor-widget-text-editor .elementor-drop-cap{float:left;text-align:center;line-height:1;font-size:50px}.elementor-widget-text-editor .elementor-drop-cap-letter{display:inline-block}<\/style>\t\t\t\t<h3>Para ver la informaci\u00f3n m\u00e1s reciente de personal sujeto a c\u00f3digo del trabajo <a href=\"https:\/\/www.portaltransparencia.cl\/PortalPdT\/pdtta\/-\/ta\/FU021\/PR\/PCODTRA\">ingrese aqu\u00ed<\/a><\/h3><h3>Para personas naturales contratadas a honorarios <a href=\"https:\/\/www.portaltransparencia.cl\/PortalPdT\/pdtta\/-\/ta\/FU021\/PR\/PHON\">ingrese aqu\u00ed<\/a><\/h3>\t\t\t\t\t\t<\/div>\n\t\t\t\t<\/div>\n\t\t\t\t\t<\/div>\n\t\t<\/div>\n\t\t\t\t\t\t\t<\/div>\n\t\t<\/section>\n\t\t\t\t<section class=\"elementor-section elementor-top-section elementor-element elementor-element-8a35b3e elementor-section-boxed elementor-section-height-default elementor-section-height-default\" data-id=\"8a35b3e\" data-element_type=\"section\">\n\t\t\t\t\t\t<div class=\"elementor-container elementor-column-gap-default\">\n\t\t\t\t\t<div class=\"elementor-column elementor-col-100 elementor-top-column elementor-element elementor-element-7c6a89f\" data-id=\"7c6a89f\" data-element_type=\"column\">\n\t\t\t<div class=\"elementor-widget-wrap elementor-element-populated\">\n\t\t\t\t\t\t\t\t<div class=\"elementor-element elementor-element-b6c9588 elementor-widget elementor-widget-shortcode\" data-id=\"b6c9588\" data-element_type=\"widget\" data-widget_type=\"shortcode.default\">\n\t\t\t\t<div class=\"elementor-widget-container\">\n\t\t\t\t\t<div class=\"elementor-shortcode\">\n<div class=\"wpdt-c wdt-skin-light\">\n    \n<input type=\"hidden\" id=\"wdtNonceFrontendEdit_10\" name=\"wdtNonceFrontendEdit_10\" value=\"c74b7b82b0\" \/><input type=\"hidden\" name=\"_wp_http_referer\" value=\"\/nuevo_transparencia\/wp-json\/wp\/v2\/pages\/305\" \/>    <input type=\"hidden\" id=\"table_1_desc\" value='{\"tableId\":\"table_1\",\"tableType\":\"mysql\",\"selector\":\"#table_1\",\"responsive\":true,\"editable\":false,\"inlineEditing\":false,\"infoBlock\":true,\"pagination\":1,\"paginationAlign\":\"right\",\"paginationLayout\":\"full_numbers\",\"tableSkin\":\"light\",\"globalSearch\":true,\"showRowsPerPage\":true,\"popoverTools\":false,\"hideBeforeLoad\":true,\"number_format\":1,\"decimalPlaces\":2,\"spinnerSrc\":\"https:\\\/\\\/ciep.cl\\\/nuevo_transparencia\\\/wp-content\\\/plugins\\\/wpdatatables\\\/assets\\\/\\\/img\\\/spinner.gif\",\"groupingEnabled\":false,\"tableWpId\":\"10\",\"dataTableParams\":{\"sDom\":\"BT\\u003C\\u0027clear\\u0027\\u003Elftip\",\"bSortCellsTop\":false,\"bFilter\":true,\"bPaginate\":true,\"sPaginationType\":\"full_numbers\",\"aLengthMenu\":[[1,5,10,25,50,100,-1],[1,5,10,25,50,100,\"All\"]],\"iDisplayLength\":10,\"columnDefs\":[{\"sType\":\"formatted-num\",\"wdtType\":\"int\",\"bVisible\":false,\"orderable\":true,\"searchable\":true,\"InputType\":\"text\",\"name\":\"id\",\"origHeader\":\"id\",\"notNull\":false,\"conditionalFormattingRules\":[],\"className\":\"numdata integer  column-id\",\"aTargets\":[0]},{\"sType\":\"string\",\"wdtType\":\"string\",\"bVisible\":true,\"orderable\":true,\"searchable\":true,\"InputType\":\"text\",\"name\":\"fecha\",\"origHeader\":\"fecha\",\"notNull\":true,\"conditionalFormattingRules\":[],\"className\":\" column-fecha\",\"aTargets\":[1]},{\"sType\":\"string\",\"wdtType\":\"link\",\"bVisible\":true,\"orderable\":false,\"searchable\":true,\"InputType\":\"attachment\",\"name\":\"trimestre1\",\"origHeader\":\"trimestre1\",\"notNull\":false,\"conditionalFormattingRules\":[],\"className\":\" column-trimestre1\",\"aTargets\":[2]},{\"sType\":\"string\",\"wdtType\":\"link\",\"bVisible\":true,\"orderable\":false,\"searchable\":true,\"InputType\":\"attachment\",\"name\":\"trimestre2\",\"origHeader\":\"trimestre2\",\"notNull\":false,\"conditionalFormattingRules\":[],\"className\":\" column-trimestre2\",\"aTargets\":[3]},{\"sType\":\"string\",\"wdtType\":\"link\",\"bVisible\":true,\"orderable\":false,\"searchable\":true,\"InputType\":\"attachment\",\"name\":\"trimestre3\",\"origHeader\":\"trimestre3\",\"notNull\":false,\"conditionalFormattingRules\":[],\"className\":\" column-trimestre3\",\"aTargets\":[4]},{\"sType\":\"string\",\"wdtType\":\"link\",\"bVisible\":true,\"orderable\":false,\"searchable\":true,\"InputType\":\"attachment\",\"name\":\"trimestre4\",\"origHeader\":\"trimestre4\",\"notNull\":false,\"conditionalFormattingRules\":[],\"className\":\" column-trimestre4\",\"aTargets\":[5]}],\"bAutoWidth\":false,\"order\":[[1,\"desc\"]],\"ordering\":true,\"oLanguage\":{\"sProcessing\":\"Procesando...\",\"sLengthMenu\":\"Mostrar _MENU_ registros\",\"sZeroRecords\":\"No se encontraron resultados\",\"sEmptyTable\":\"Ning\\u00fan dato disponible en esta tabla\",\"sInfo\":\"Mostrando registros del _START_ al _END_ de un total de _TOTAL_ registros\",\"sInfoEmpty\":\"Mostrando registros del 0 al 0 de un total de 0 registros\",\"sInfoFiltered\":\"(filtrado de un total de _MAX_ registros)\",\"sInfoPostFix\":\"\",\"sSearch\":\"Buscar:\",\"sSearchPlaceholder\":\"\",\"sUrl\":\"\",\"sInfoThousands\":\",\",\"sLoadingRecords\":\"Cargando...\",\"oPaginate\":{\"sFirst\":\"Primero\",\"sLast\":\"\\u00daltimo\",\"sNext\":\"Siguiente\",\"sPrevious\":\"Anterior\"},\"fnInfoCallback\":null,\"oAria\":{\"sSortAscending\":\": Activar para ordernar la columna de manera ascendente\",\"sSortDescending\":\": Activar para ordernar la columna de manera descendente\"}},\"buttons\":[],\"bProcessing\":false,\"serverSide\":true,\"ajax\":{\"url\":\"https:\\\/\\\/ciep.cl\\\/nuevo_transparencia\\\/wp-admin\\\/admin-ajax.php?action=get_wdtable&table_id=10\",\"type\":\"POST\"},\"oSearch\":{\"bSmart\":false,\"bRegex\":false,\"sSearch\":\"\"}},\"tabletWidth\":\"1024\",\"mobileWidth\":\"480\",\"advancedFilterEnabled\":false,\"serverSide\":true,\"autoRefreshInterval\":0,\"processing\":true,\"fnServerData\":true,\"columnsFixed\":0,\"sumFunctionsLabel\":\"\",\"avgFunctionsLabel\":\"\",\"minFunctionsLabel\":\"\",\"maxFunctionsLabel\":\"\",\"columnsDecimalPlaces\":{\"id\":-1,\"fecha\":-1,\"trimestre1\":-1,\"trimestre2\":-1,\"trimestre3\":-1,\"trimestre4\":-1},\"columnsThousandsSeparator\":{\"id\":0},\"sumColumns\":[],\"avgColumns\":[],\"sumAvgColumns\":[],\"timeFormat\":\"h:i A\",\"datepickFormat\":\"dd\\\/mm\\\/yy\"}'\/>\n\n    <table id=\"table_1\"\n           class=\" responsive display nowrap data-t data-t wpDataTable wpDataTableID-10\"\n           style=\"display: none; \"\n           data-described-by='table_1_desc'\n           data-wpdatatable_id=\"10\">\n\n        <!-- Table header -->\n        \n<thead>\n<tr>\n                    <th\n                        class=\" wdtheader sort numdata integer \"\n        style=\"\">id<\/th>        <th\n        data-class=\"expand\"                class=\" wdtheader sort \"\n        style=\"\">A\u00f1o dotaci\u00f3n<\/th>        <th\n                data-hide=\"phone,tablet\"        class=\"phone,tablet wdtheader \"\n        style=\"\">1er Trimestre<\/th>        <th\n                data-hide=\"phone,tablet\"        class=\"phone,tablet wdtheader \"\n        style=\"\">2do Trimestre<\/th>        <th\n                data-hide=\"phone,tablet\"        class=\"phone,tablet wdtheader \"\n        style=\"\">3er Trimestre<\/th>        <th\n                data-hide=\"phone,tablet\"        class=\"phone,tablet wdtheader \"\n        style=\"\">4to Trimestre<\/th>    <\/tr>\n<\/thead>\n        <!-- \/Table header -->\n\n        <!-- Table body -->\n        \n<tbody>\n            <tr id=\"table_10_row_0\">\n                            <td style=\"\">1<\/td>\n                            <td style=\"\">2022<\/td>\n                            <td style=\"\"><a href='https:\/\/ciep.cl\/nuevo_transparencia\/wp-content\/uploads\/2022\/05\/Dotacion-enero-marzo-2022.pdf' rel='' target='_blank'><button class='btn btn-link'>Trimestre 1<\/button><\/a><\/td>\n                            <td style=\"\"><a href='https:\/\/ciep.cl\/nuevo_transparencia\/wp-content\/uploads\/2022\/10\/Dotacion-Personal-CIEP_Abril_Junio_2022.pdf' rel='' target='_blank'><button class='btn btn-link'>Trimestre 2<\/button><\/a><\/td>\n                            <td style=\"\"><a href='https:\/\/ciep.cl\/nuevo_transparencia\/wp-content\/uploads\/2022\/11\/Dotacion-personal-julio-septiembre-2022.pdf' rel='' target='_blank'><button class='btn btn-link'>Trimestre 3<\/button><\/a><\/td>\n                            <td style=\"\"><a href='https:\/\/ciep.cl\/nuevo_transparencia\/wp-content\/uploads\/2023\/01\/Dotacion-Personal-CIEP_Oct.-a-Dic.2022.pdf' rel='' target='_blank'><button class='btn btn-link'>Trimestre 4<\/button><\/a><\/td>\n                    <\/tr>\n                <tr id=\"table_10_row_1\">\n                            <td style=\"\">2<\/td>\n                            <td style=\"\">2021<\/td>\n                            <td style=\"\"><a href='https:\/\/ciep.cl\/nuevo_transparencia\/wp-content\/uploads\/2022\/11\/Dotacion-personal-enero-marzo-2021.pdf' rel='' target='_blank'><button class='btn btn-link'>Trimestre 1<\/button><\/a><\/td>\n                            <td style=\"\"><a href='https:\/\/ciep.cl\/nuevo_transparencia\/wp-content\/uploads\/2022\/11\/Dotacion-personal-abril-junio-2021.pdf' rel='' target='_blank'><button class='btn btn-link'>Trimestre 2<\/button><\/a><\/td>\n                            <td style=\"\"><a href='https:\/\/ciep.cl\/nuevo_transparencia\/wp-content\/uploads\/2022\/11\/Dotacion-personal-julio-septiembre-2021.pdf' rel='' target='_blank'><button class='btn btn-link'>Trimestre 3<\/button><\/a><\/td>\n                            <td style=\"\"><a href='https:\/\/ciep.cl\/nuevo_transparencia\/wp-content\/uploads\/2022\/11\/Dotacion-personal-octubre-diciembre-2021.pdf' rel='' target='_blank'><button class='btn btn-link'>Trimestre 4<\/button><\/a><\/td>\n                    <\/tr>\n                <tr id=\"table_10_row_2\">\n                            <td style=\"\">3<\/td>\n                            <td style=\"\">2020<\/td>\n                            <td style=\"\"><a href='https:\/\/ciep.cl\/nuevo_transparencia\/wp-content\/uploads\/2022\/11\/Dotacion-personal-enero-marzo-2020.pdf' rel='' target='_blank'><button class='btn btn-link'>Trimestre 1<\/button><\/a><\/td>\n                            <td style=\"\"><a href='https:\/\/ciep.cl\/nuevo_transparencia\/wp-content\/uploads\/2022\/11\/Dotacion-Personal-CIEP_Junio2020.pdf' rel='' target='_blank'><button class='btn btn-link'>Trimestre 2<\/button><\/a><\/td>\n                            <td style=\"\"><a href='https:\/\/ciep.cl\/nuevo_transparencia\/wp-content\/uploads\/2022\/11\/Dotacion-Personal-CIEP_Sept2020.pdf' rel='' target='_blank'><button class='btn btn-link'>Trimestre 3<\/button><\/a><\/td>\n                            <td style=\"\"><a href='https:\/\/ciep.cl\/nuevo_transparencia\/wp-content\/uploads\/2022\/11\/Dotacion-personal-octubre-diciembre-2020.pdf' rel='' target='_blank'><button class='btn btn-link'>Trimestre 4<\/button><\/a><\/td>\n                    <\/tr>\n                <tr id=\"table_10_row_3\">\n                            <td style=\"\">4<\/td>\n                            <td style=\"\">2019<\/td>\n                            <td style=\"\"><a href='https:\/\/ciep.cl\/nuevo_transparencia\/wp-content\/uploads\/2022\/11\/Dotacion-personal-enero-marzo-2019.pdf' rel='' target='_blank'><button class='btn btn-link'>Trimestre 1<\/button><\/a><\/td>\n                            <td style=\"\"><a href='https:\/\/ciep.cl\/nuevo_transparencia\/wp-content\/uploads\/2022\/11\/Dotacion-personal-abril-junio-2019.pdf' rel='' target='_blank'><button class='btn btn-link'>Trimestre 2<\/button><\/a><\/td>\n                            <td style=\"\"><a href='https:\/\/ciep.cl\/nuevo_transparencia\/wp-content\/uploads\/2022\/11\/Dotacion-personal-julio-septiembre-2019.pdf' rel='' target='_blank'><button class='btn btn-link'>Trimestre 3<\/button><\/a><\/td>\n                            <td style=\"\"><a href='https:\/\/ciep.cl\/nuevo_transparencia\/wp-content\/uploads\/2022\/11\/Dotacion-personal-octubre-diciembre-2019.pdf' rel='' target='_blank'><button class='btn btn-link'>Trimestre 4<\/button><\/a><\/td>\n                    <\/tr>\n                <tr id=\"table_10_row_4\">\n                            <td style=\"\">5<\/td>\n                            <td style=\"\">2018<\/td>\n                            <td style=\"\"><a href='https:\/\/ciep.cl\/nuevo_transparencia\/wp-content\/uploads\/2022\/11\/Dotacion-Personal-CIEP_Marzo2018.pdf' rel='' target='_blank'><button class='btn btn-link'>Trimestre 1<\/button><\/a><\/td>\n                            <td style=\"\"><a href='https:\/\/ciep.cl\/nuevo_transparencia\/wp-content\/uploads\/2022\/11\/Dotacion-personal-abril-junio-2018.pdf' rel='' target='_blank'><button class='btn btn-link'>Trimestre 2<\/button><\/a><\/td>\n                            <td style=\"\"><a href='https:\/\/ciep.cl\/nuevo_transparencia\/wp-content\/uploads\/2022\/11\/Dotacion-Personal-CIEP_Sept.2018.pdf' rel='' target='_blank'><button class='btn btn-link'>Trimestre 3<\/button><\/a><\/td>\n                            <td style=\"\"><a href='https:\/\/ciep.cl\/nuevo_transparencia\/wp-content\/uploads\/2022\/11\/Dotacion-Personal-CIEP_Dic.2018.pdf' rel='' target='_blank'><button class='btn btn-link'>Trimestre 4<\/button><\/a><\/td>\n                    <\/tr>\n                <tr id=\"table_10_row_5\">\n                            <td style=\"\">6<\/td>\n                            <td style=\"\">2017<\/td>\n                            <td style=\"\"><a href='https:\/\/ciep.cl\/nuevo_transparencia\/wp-content\/uploads\/2022\/11\/Dotacion-Personal-CIEP_Marzo2017.pdf' rel='' target='_blank'><button class='btn btn-link'>Trimestre 1<\/button><\/a><\/td>\n                            <td style=\"\"><a href='https:\/\/ciep.cl\/nuevo_transparencia\/wp-content\/uploads\/2022\/11\/Dotacion-personal-abril-junio-2017.pdf' rel='' target='_blank'><button class='btn btn-link'>Trimestre 2<\/button><\/a><\/td>\n                            <td style=\"\"><a href='https:\/\/ciep.cl\/nuevo_transparencia\/wp-content\/uploads\/2022\/11\/Dotacion-personal-julio-septiembre-2017.pdf' rel='' target='_blank'><button class='btn btn-link'>Trimestre 3<\/button><\/a><\/td>\n                            <td style=\"\"><a href='https:\/\/ciep.cl\/nuevo_transparencia\/wp-content\/uploads\/2022\/11\/Dotacion-personal-octubre-diciembre-2017.pdf' rel='' target='_blank'><button class='btn btn-link'>Trimestre 4<\/button><\/a><\/td>\n                    <\/tr>\n                <tr id=\"table_10_row_6\">\n                            <td style=\"\">7<\/td>\n                            <td style=\"\">2023<\/td>\n                            <td style=\"\"><a href='https:\/\/ciep.cl\/nuevo_transparencia\/wp-content\/uploads\/2023\/04\/Dotacion-Personal-CIEP_Enero-a-Marzo2023.pdf' rel='' target='_blank'><button class='btn btn-link'>Trimestre 1<\/button><\/a><\/td>\n                            <td style=\"\"><a href='https:\/\/ciep.cl\/nuevo_transparencia\/wp-content\/uploads\/2023\/07\/Dotacion-Personal-CIEP_Abril-a-Junio2023.pdf' rel='' target='_blank'><button class='btn btn-link'>Trimestre 2<\/button><\/a><\/td>\n                            <td style=\"\"><a href='https:\/\/ciep.cl\/nuevo_transparencia\/wp-content\/uploads\/2023\/10\/Dotacion-Personal-CIEP_Julio-a-Sept.2023-1.pdf' rel='' target='_blank'><button class='btn btn-link'>Trimestre 3<\/button><\/a><\/td>\n                            <td style=\"\"><a href='https:\/\/ciep.cl\/nuevo_transparencia\/wp-content\/uploads\/2024\/01\/Dotacion-Personal-CIEP_Oct.-Dic.2023.pdf' rel='' target='_blank'><button class='btn btn-link'>Trimestre 4<\/button><\/a><\/td>\n                    <\/tr>\n    <\/tbody>        <!-- \/Table body -->\n\n        <!-- Table footer -->\n        \n        <!-- \/Table footer -->\n\n    <\/table>\n\n<\/div><style>\ntable.wpDataTable { table-layout: fixed !important; }\ntable.wpDataTable td, table.wpDataTable th { white-space: normal !important; }\ntable.wpDataTable td.numdata { text-align: right !important; }\n<\/style>\n<style>\n\/* table font color *\/\n.wpdt-c.wpDataTablesWrapper table.wpdtSimpleTable thead th,\n.wpdt-c.wpDataTablesWrapper table.wpdtSimpleTable tbody td,\n.wpdt-c .wpDataTablesWrapper table.wpDataTable thead th,\n.wpdt-c .wpDataTablesWrapper table.wpDataTable tbody td,\n.wpdt-c .wpDataTablesWrapper table.wpDataTable tfoot td {\n\tcolor: #000000 !important;\n}\n\/* th background color *\/\n.wpdt-c.wpDataTablesWrapper table.wpdtSimpleTable.bt[data-has-header='1'] td.wpdt-header-classes,\n.wpdt-c.wpDataTablesWrapper table.wpdtSimpleTable thead th,\n.wpdt-c .wpDataTablesWrapper table.wpDataTable thead th,\n.wpdt-c .wpDataTablesWrapper table.wpDataTable thead th.sorting {\n\tbackground-color: #000000 !important;\n    background-image: none !important;\n}\n\/* th border color *\/\n.wpdt-c.wpDataTablesWrapper table.wpdtSimpleTable thead tr > th{\n    border-bottom-color: #000000 !important;\n    border-right-color: #000000 !important;\n    border-top-color: #000000 !important;\n    border-left-color: #000000 !important;\n}\n.wpdt-c.wpDataTablesWrapper table.wpdtSimpleTable thead th,\n.wpdt-c .wpDataTablesWrapper table.wpDataTable thead th,\n.wpdt-c .wpDataTablesWrapper table.wpDataTable thead th.sorting {\n\tborder-color: #000000 !important;\n}\n\/* th font color *\/\n.wpdt-c.wpDataTablesWrapper table.wpdtSimpleTable.bt[data-has-header='1'] td.wpdt-header-classes,\n.wpdt-c.wpDataTablesWrapper table.wpdtSimpleTable thead th,\n.wpdt-c .wpDataTablesWrapper table.wpDataTable thead th {\n\tcolor: #FFFFFF !important;\n}\n.wpdt-c .wpDataTablesWrapper table.wpDataTable thead th.sorting:after,\n.wpdt-c .wpDataTablesWrapper table.wpDataTable thead th.sorting_asc:after {\n\tborder-bottom-color: #FFFFFF !important;\n}\n.wpdt-c .wpDataTablesWrapper table.wpDataTable thead th.sorting_desc:after {\n\tborder-top-color: #FFFFFF !important;\n}\n\n\/* odd rows background color *\/\n.wpdt-c.wpDataTablesWrapper table.wpdtSimpleTable tr.odd td,\n.wpdt-c .wpDataTablesWrapper table.wpDataTable tr.odd td {\n\tbackground-color: #D7F6B3 !important;\n}\n\/* rows hover background color *\/\n.wpdt-c.wpDataTablesWrapper table.wpdtSimpleTable tr.odd:hover > td,\n.wpdt-c .wpDataTablesWrapper table.wpDataTable tr.odd:hover > td,\n.wpdt-c .wpDataTablesWrapper table.wpDataTable tr.odd:hover > td.sorting_1,\n.wpdt-c .wpDataTablesWrapper table.wpDataTable tr.even:hover > td,\n.wpdt-c.wpDataTablesWrapper table.wpdtSimpleTable tr.even:hover > td,\n.wpdt-c .wpDataTablesWrapper table.wpDataTable tr.even:hover > td.sorting_1 {\n\tbackground-color: #17B81D !important;\n}\n\/* selected rows background color *\/\n.wpdt-c .wpDataTablesWrapper table.wpDataTable tr.odd.selected > td,\n.wpdt-c .wpDataTablesWrapper table.wpDataTable tr.odd.selected > td.sorting_1,\n.wpdt-c .wpDataTablesWrapper table.wpDataTable tr.even.selected > td,\n.wpdt-c .wpDataTablesWrapper table.wpDataTable tr.even.selected > td.sorting_1 {\n\tbackground-color: #C5BCBC !important;\n}\n\/** buttons hover font color *\/\n.wpDataTables .wdt-checkbox-filter.btn:hover,\n.wdt-frontend-modal .btn:not(.dropdown-toggle).btn:hover,\ndiv.dt-button-collection a.dt-button.active:not(.disabled):hover {\n\tcolor: #FFF385 !important;\n}\n\/** buttons hover font color *\/\n.wpDataTables .wdt-checkbox-filter.btn:hover,\n.wdt-frontend-modal .btn:not(.dropdown-toggle).btn:hover,\ndiv.dt-button-collection a.dt-button.active:not(.disabled):hover {\n\tcolor: #FFF385 !important;\n}\n\/** modals font color *\/\n.wpDataTables .picker .picker-handle,\n.wpDataTables .picker.focus .picker-handle {\n\tborder-color: #FFFFFF !important;\n}\n.wpDataTables .picker.picker-checkbox .picker-flag,\n.wpDataTables .picker .picker-label,\n.wdt-frontend-modal .modal-dialog .modal-content,\n.wpDataTables .picker__box,\n.wpDataTables .picker__weekday {\n\tcolor: #FFFFFF !important;\n}\n\/** modals background color *\/\n.wdt-frontend-modal .modal-dialog .modal-content,\n.wpDataTables .picker__box,\n.picker__list-item {\n\tbackground-color: #BABABA !important;\n}\n\/* table font color *\/\n.wpdt-c.wpDataTablesWrapper table.wpdtSimpleTable,\n.wpdt-c .wpDataTablesWrapper table.wpDataTable {\n    font-family: Arial, Helvetica, sans-serif !important;\n}\n\n<\/style>\n<style>\n<\/style>\n<style>\n        \/* table font color *\/\n    .wpdt-c.wpDataTablesWrapper table#wpdtSimpleTable-10 thead th,\n    .wpdt-c.wpDataTablesWrapper table#wpdtSimpleTable-10 tbody td,\n    .wpdt-c .wpDataTablesWrapper table.wpDataTable.wpDataTableID-10 thead th,\n    .wpdt-c .wpDataTablesWrapper table.wpDataTable.wpDataTableID-10 tbody td,\n    .wpdt-c .wpDataTablesWrapper table.wpDataTable.wpDataTableID-10 tfoot td {\n        color: #000000 !important;\n    }\n                    \/* th font color *\/\n    .wpdt-c.wpDataTablesWrapper table.wpdtSimpleTable.bt[data-has-header='1'] td.wpdt-header-classes,\n    .wpdt-c.wpDataTablesWrapper table#wpdtSimpleTable-10 thead th,\n    .wpdt-c .wpDataTablesWrapper table.wpDataTable.wpDataTableID-10 thead th {\n        color: #FFFFFF !important;\n    }\n    .wpdt-c .wpDataTablesWrapper table.wpDataTable.wpDataTableID-10 thead th.sorting:after,\n    .wpdt-c .wpDataTablesWrapper table.wpDataTable.wpDataTableID-10 thead th.sorting_asc:after {\n        border-bottom-color: #FFFFFF !important;\n    }\n    .wpdt-c .wpDataTablesWrapper table.wpDataTable.wpDataTableID-10 thead th.sorting_desc:after {\n        border-top-color: #FFFFFF !important;\n    }\n                \n                                \/* table font color *\/\n    .wpdt-c.wpDataTablesWrapper table#wpdtSimpleTable-10,\n    .wpdt-c .wpDataTablesWrapper table.wpDataTable.wpDataTableID-10 {\n        font-family: Arial, Helvetica, sans-serif !important;\n    }\n                \n                <\/style>\n <\/div>\n\t\t\t\t<\/div>\n\t\t\t\t<\/div>\n\t\t\t\t\t<\/div>\n\t\t<\/div>\n\t\t\t\t\t\t\t<\/div>\n\t\t<\/section>\n\t\t\t\t\t\t\t<\/div>\n\t\t","protected":false},"excerpt":{"rendered":"<p>Para ver la informaci\u00f3n m\u00e1s reciente de personal sujeto a c\u00f3digo del trabajo ingrese aqu\u00ed Para personas naturales contratadas a honorarios ingrese aqu\u00ed<\/p>\n","protected":false},"author":1,"featured_media":0,"parent":0,"menu_order":0,"comment_status":"closed","ping_status":"closed","template":"","meta":{"site-sidebar-layout":"no-sidebar","site-content-layout":"page-builder","ast-main-header-display":"","ast-hfb-above-header-display":"","ast-hfb-below-header-display":"","ast-hfb-mobile-header-display":"","site-post-title":"disabled","ast-breadcrumbs-content":"","ast-featured-img":"disabled","footer-sml-layout":"","theme-transparent-header-meta":"","adv-header-id-meta":"","stick-header-meta":"","header-above-stick-meta":"","header-main-stick-meta":"","header-below-stick-meta":""},"_links":{"self":[{"href":"https:\/\/ciep.cl\/nuevo_transparencia\/wp-json\/wp\/v2\/pages\/305"}],"collection":[{"href":"https:\/\/ciep.cl\/nuevo_transparencia\/wp-json\/wp\/v2\/pages"}],"about":[{"href":"https:\/\/ciep.cl\/nuevo_transparencia\/wp-json\/wp\/v2\/types\/page"}],"author":[{"embeddable":true,"href":"https:\/\/ciep.cl\/nuevo_transparencia\/wp-json\/wp\/v2\/users\/1"}],"replies":[{"embeddable":true,"href":"https:\/\/ciep.cl\/nuevo_transparencia\/wp-json\/wp\/v2\/comments?post=305"}],"version-history":[{"count":3,"href":"https:\/\/ciep.cl\/nuevo_transparencia\/wp-json\/wp\/v2\/pages\/305\/revisions"}],"predecessor-version":[{"id":1504,"href":"https:\/\/ciep.cl\/nuevo_transparencia\/wp-json\/wp\/v2\/pages\/305\/revisions\/1504"}],"wp:attachment":[{"href":"https:\/\/ciep.cl\/nuevo_transparencia\/wp-json\/wp\/v2\/media?parent=305"}],"curies":[{"name":"wp","href":"https:\/\/api.w.org\/{rel}","templated":true}]}}