{"id":431,"date":"2022-04-01T09:58:49","date_gmt":"2022-04-01T12:58:49","guid":{"rendered":"http:\/\/localhost\/prueba\/?page_id=431"},"modified":"2023-03-28T15:13:24","modified_gmt":"2023-03-28T15:13:24","slug":"instituciones-que-financian","status":"publish","type":"page","link":"https:\/\/ciep.cl\/nuevo_transparencia\/instituciones-que-financian\/","title":{"rendered":"INSTITUCIONES QUE FINANCIAN"},"content":{"rendered":"\t\t<div data-elementor-type=\"wp-page\" data-elementor-id=\"431\" class=\"elementor elementor-431\">\n\t\t\t\t\t\t\t\t\t<section class=\"elementor-section elementor-top-section elementor-element elementor-element-48217d6 elementor-section-boxed elementor-section-height-default elementor-section-height-default\" data-id=\"48217d6\" data-element_type=\"section\">\n\t\t\t\t\t\t<div class=\"elementor-container elementor-column-gap-default\">\n\t\t\t\t\t<div class=\"elementor-column elementor-col-50 elementor-top-column elementor-element elementor-element-277b751\" data-id=\"277b751\" data-element_type=\"column\">\n\t\t\t<div class=\"elementor-widget-wrap elementor-element-populated\">\n\t\t\t\t\t\t\t\t<div class=\"elementor-element elementor-element-cc216b6 elementor-widget elementor-widget-image\" data-id=\"cc216b6\" data-element_type=\"widget\" data-widget_type=\"image.default\">\n\t\t\t\t<div class=\"elementor-widget-container\">\n\t\t\t<style>\/*! elementor - v3.6.5 - 27-04-2022 *\/\n.elementor-widget-image{text-align:center}.elementor-widget-image a{display:inline-block}.elementor-widget-image a img[src$=\".svg\"]{width:48px}.elementor-widget-image img{vertical-align:middle;display:inline-block}<\/style>\t\t\t\t\t\t\t\t\t\t\t\t<img decoding=\"async\" src=\"http:\/\/localhost\/prueba\/wp-content\/uploads\/2022\/03\/Logo_GORE_Aysen-e1648758642962.png\" title=\"\" alt=\"\" \/>\t\t\t\t\t\t\t\t\t\t\t\t\t\t\t<\/div>\n\t\t\t\t<\/div>\n\t\t\t\t<div class=\"elementor-element elementor-element-346a267 elementor-widget elementor-widget-text-editor\" data-id=\"346a267\" data-element_type=\"widget\" data-widget_type=\"text-editor.default\">\n\t\t\t\t<div class=\"elementor-widget-container\">\n\t\t\t<style>\/*! elementor - v3.6.5 - 27-04-2022 *\/\n.elementor-widget-text-editor.elementor-drop-cap-view-stacked .elementor-drop-cap{background-color:#818a91;color:#fff}.elementor-widget-text-editor.elementor-drop-cap-view-framed .elementor-drop-cap{color:#818a91;border:3px solid;background-color:transparent}.elementor-widget-text-editor:not(.elementor-drop-cap-view-default) .elementor-drop-cap{margin-top:8px}.elementor-widget-text-editor:not(.elementor-drop-cap-view-default) .elementor-drop-cap-letter{width:1em;height:1em}.elementor-widget-text-editor .elementor-drop-cap{float:left;text-align:center;line-height:1;font-size:50px}.elementor-widget-text-editor .elementor-drop-cap-letter{display:inline-block}<\/style>\t\t\t\t<h4><strong>Gobierno Regional y su Consejo. Regi\u00f3n de Ays\u00e9n<\/strong><\/h4><p>Financiamiento basal del centro para su operaci\u00f3n, encargado de monitorear el cumplimiento\u00a0 de los objetivos, velar por el adecuado uso de los recursos p\u00fablicos involucrados y participar en la definici\u00f3n de prioridades de investigaci\u00f3n y vinculaci\u00f3n cient\u00edfica.<\/p><p><b>\u00a0<\/b><\/p>\t\t\t\t\t\t<\/div>\n\t\t\t\t<\/div>\n\t\t\t\t\t<\/div>\n\t\t<\/div>\n\t\t\t\t<div class=\"elementor-column elementor-col-50 elementor-top-column elementor-element elementor-element-106ebcf\" data-id=\"106ebcf\" data-element_type=\"column\">\n\t\t\t<div class=\"elementor-widget-wrap elementor-element-populated\">\n\t\t\t\t\t\t\t\t<div class=\"elementor-element elementor-element-2f61b9d elementor-widget elementor-widget-image\" data-id=\"2f61b9d\" data-element_type=\"widget\" data-widget_type=\"image.default\">\n\t\t\t\t<div class=\"elementor-widget-container\">\n\t\t\t\t\t\t\t\t\t\t\t\t\t\t\t<img decoding=\"async\" src=\"http:\/\/localhost\/prueba\/wp-content\/uploads\/2022\/03\/anid_rojo_azul.png\" title=\"\" alt=\"\" \/>\t\t\t\t\t\t\t\t\t\t\t\t\t\t\t<\/div>\n\t\t\t\t<\/div>\n\t\t\t\t<div class=\"elementor-element elementor-element-3eceade elementor-widget elementor-widget-text-editor\" data-id=\"3eceade\" data-element_type=\"widget\" data-widget_type=\"text-editor.default\">\n\t\t\t\t<div class=\"elementor-widget-container\">\n\t\t\t\t\t\t\t<h4><strong>Agencia Nacional de Investigaci\u00f3n y Desarrollo\u00a0<\/strong><\/h4><p align=\"justify\">Financiamiento a trav\u00e9s del concurso de fortalecimiento al desarrollo cient\u00edfico de centros regionales y de otras iniciativas. Esta instituci\u00f3n,\u00a0 vela por el fiel cumplimiento de los compromisos y objetivos comprometidos por el CIEP. El apoyo de ANID desde la creaci\u00f3n del centro, ha permitido consolidar su liderazgo en la investigaci\u00f3n cient\u00edfica de excelencia\u00a0en la Patagonia.<\/p>\t\t\t\t\t\t<\/div>\n\t\t\t\t<\/div>\n\t\t\t\t\t<\/div>\n\t\t<\/div>\n\t\t\t\t\t\t\t<\/div>\n\t\t<\/section>\n\t\t\t\t\t\t\t<\/div>\n\t\t","protected":false},"excerpt":{"rendered":"<p>Gobierno Regional y su Consejo. Regi\u00f3n de Ays\u00e9n Financiamiento basal del centro para su operaci\u00f3n, encargado de monitorear el cumplimiento\u00a0 de los objetivos, velar por el adecuado uso de los recursos p\u00fablicos involucrados y participar en la definici\u00f3n de prioridades de investigaci\u00f3n y vinculaci\u00f3n cient\u00edfica. \u00a0 Agencia Nacional de Investigaci\u00f3n y Desarrollo\u00a0 Financiamiento a trav\u00e9s &hellip;<\/p>\n<p class=\"read-more\"> <a class=\"\" href=\"https:\/\/ciep.cl\/nuevo_transparencia\/instituciones-que-financian\/\"> <span class=\"screen-reader-text\">INSTITUCIONES QUE FINANCIAN<\/span> Leer m\u00e1s &raquo;<\/a><\/p>\n","protected":false},"author":1,"featured_media":0,"parent":0,"menu_order":0,"comment_status":"closed","ping_status":"closed","template":"","meta":{"site-sidebar-layout":"no-sidebar","site-content-layout":"page-builder","ast-main-header-display":"","ast-hfb-above-header-display":"","ast-hfb-below-header-display":"","ast-hfb-mobile-header-display":"","site-post-title":"disabled","ast-breadcrumbs-content":"","ast-featured-img":"disabled","footer-sml-layout":"","theme-transparent-header-meta":"","adv-header-id-meta":"","stick-header-meta":"","header-above-stick-meta":"","header-main-stick-meta":"","header-below-stick-meta":""},"_links":{"self":[{"href":"https:\/\/ciep.cl\/nuevo_transparencia\/wp-json\/wp\/v2\/pages\/431"}],"collection":[{"href":"https:\/\/ciep.cl\/nuevo_transparencia\/wp-json\/wp\/v2\/pages"}],"about":[{"href":"https:\/\/ciep.cl\/nuevo_transparencia\/wp-json\/wp\/v2\/types\/page"}],"author":[{"embeddable":true,"href":"https:\/\/ciep.cl\/nuevo_transparencia\/wp-json\/wp\/v2\/users\/1"}],"replies":[{"embeddable":true,"href":"https:\/\/ciep.cl\/nuevo_transparencia\/wp-json\/wp\/v2\/comments?post=431"}],"version-history":[{"count":0,"href":"https:\/\/ciep.cl\/nuevo_transparencia\/wp-json\/wp\/v2\/pages\/431\/revisions"}],"wp:attachment":[{"href":"https:\/\/ciep.cl\/nuevo_transparencia\/wp-json\/wp\/v2\/media?parent=431"}],"curies":[{"name":"wp","href":"https:\/\/api.w.org\/{rel}","templated":true}]}}